{"id":675,"date":"2021-08-26T13:35:45","date_gmt":"2021-08-26T10:35:45","guid":{"rendered":"https:\/\/www.servus.fi\/testi\/?page_id=675"},"modified":"2024-04-04T12:44:26","modified_gmt":"2024-04-04T09:44:26","slug":"lomakkeet","status":"publish","type":"page","link":"https:\/\/www.servus.fi\/en\/lomakkeet\/","title":{"rendered":"Vapaasti suunniteltavat lomakkeet"},"content":{"rendered":"\n<div class=\"wp-block-media-text alignfull has-media-on-the-right is-stacked-on-mobile is-vertically-aligned-center is-style-default\" style=\"grid-template-columns:auto 47%\"><div class=\"wp-block-media-text__content\">\n<h2 class=\"wp-block-heading has-text-color\" style=\"color:#000000\">S\u00e4hk\u00f6iset lomakkeet<\/h2>\n\n\n\n<p class=\"has-text-color\" style=\"color:#636363;font-size:17px;line-height:1.1\">Suunnittele omat lomakkeet<\/p>\n<\/div><figure class=\"wp-block-media-text__media\"><img loading=\"lazy\" decoding=\"async\" width=\"1024\" height=\"683\" src=\"https:\/\/www.servus.fi\/wp-content\/uploads\/2021\/11\/Ilmoitukset1-1024x683.jpg\" alt=\"Servus-P\u00e4iv\u00e4kirja\" class=\"wp-image-1234 size-full\" srcset=\"https:\/\/www.servus.fi\/wp-content\/uploads\/2021\/11\/Ilmoitukset1-1024x683.jpg 1024w, https:\/\/www.servus.fi\/wp-content\/uploads\/2021\/11\/Ilmoitukset1-300x200.jpg 300w, https:\/\/www.servus.fi\/wp-content\/uploads\/2021\/11\/Ilmoitukset1-768x512.jpg 768w, https:\/\/www.servus.fi\/wp-content\/uploads\/2021\/11\/Ilmoitukset1-1536x1024.jpg 1536w, https:\/\/www.servus.fi\/wp-content\/uploads\/2021\/11\/Ilmoitukset1-18x12.jpg 18w, https:\/\/www.servus.fi\/wp-content\/uploads\/2021\/11\/Ilmoitukset1-930x620.jpg 930w, https:\/\/www.servus.fi\/wp-content\/uploads\/2021\/11\/Ilmoitukset1.jpg 1740w\" sizes=\"auto, (max-width: 1024px) 100vw, 1024px\" \/><\/figure><\/div>\n\n\n\n<div style=\"height:100px\" aria-hidden=\"true\" class=\"wp-block-spacer\"><\/div>\n\n\n\n<div class=\"wp-block-columns is-layout-flex wp-container-core-columns-is-layout-9d6595d7 wp-block-columns-is-layout-flex\">\n<div class=\"wp-block-column is-layout-flow wp-block-column-is-layout-flow\">\n<h2 class=\"wp-block-heading has-neve-link-hover-color-color has-text-color\" id=\"sahkoiset-lomakkeet\">S\u00e4hk\u00f6iset lomakkeet<\/h2>\n\n\n\n<p>Servus lomakkeilla luot yrityksellesi monipuolisia s\u00e4hk\u00f6isi\u00e4 lomakkeita, kuten tapahtumailmoituksia ja jatkok\u00e4sittelylomakkeita. Lomakkeiden avulla tapahtumat, tilanteet ja t\u00e4rke\u00e4t havainnot voidaan helposti kirjata s\u00e4hk\u00f6iseen muotoon ja tilastoida koko organisaation laajuisesti.<\/p>\n\n\n\n<p>Lomakkeet voidaan m\u00e4\u00e4ritt\u00e4\u00e4 olemaan kaikkien, tai vain niihin oikeutettujen k\u00e4yt\u00f6ss\u00e4. Ilmoitukset ohjautuvat s\u00e4hk\u00f6postitse valituille vastuuhenkil\u00f6ille.<\/p>\n\n\n\n<div style=\"height:100px\" aria-hidden=\"true\" class=\"wp-block-spacer\"><\/div>\n<\/div>\n\n\n\n<div class=\"wp-block-column is-layout-flow wp-block-column-is-layout-flow\">\n<h2 class=\"wp-block-heading has-neve-link-hover-color-color has-text-color\" id=\"tilastointi\">Tilastointi<\/h2>\n\n\n\n<p>Tilastot kertovat kohteittain kattavasti mm. ilmoitustyypeist\u00e4, tapahtumien m\u00e4\u00e4rist\u00e4 ja jatkotoimenpiteist\u00e4. Lomakek\u00e4sittelyst\u00e4 syntyv\u00e4\u00e4 tietoa voidaan hy\u00f6dynt\u00e4\u00e4 mm. liiketoiminnan, riskienhallinnan ja prosessien suunnittelussa sek\u00e4 asiakaspalveluraporteissa. <\/p>\n\n\n\n<p>Jatkoraportilla mm. asian k\u00e4sittely, tilanteen analysointi ja sovitut toimenpiteet.<\/p>\n<\/div>\n<\/div>\n\n\n\n<p><\/p>\n\n\n<p><!-- Snoobi siteanalytics V2.0 --><br \/>\n<script type=\"text\/javascript\"><br \/>\nvar _saq = _saq || [];<br \/>\n(function() {<br \/>\nvar account = 'servus_fi';<br \/>\nvar snbpagename = '';<br \/>\nvar snbsection = '';<br \/>\nvar snbcookies = 'session';<br \/>\nvar anchors = '1';<br \/>\nvar snbscript = document.createElement('script');<br \/>\nsnbscript.type = 'text\/javascript';<br \/>\nsnbscript.async= true;<br \/>\nsnbscript.src = ('https:' == document.location.protocol ? 'https:\/\/' : 'http:\/\/')<br \/>\n+ 'eu2.snoobi.com\/?account=' + account<br \/>\n+ '&page_name=' + snbpagename<br \/>\n+ '&section=' + snbsection<br \/>\n+ '&anchors=' + anchors<br \/>\n+ '&cookies=' + snbcookies;<br \/>\nvar s = document.getElementsByTagName('script')[0];<br \/>\ns.parentNode.insertBefore(snbscript, s);<br \/>\n})();<br \/>\n<\/script><\/p>\n<p><!-- BEGIN Snoobi v1.4 --><br \/>\n    <script type=\"text\/javascript\" src=\"http:\/\/eu1.snoobi.com\/snoop.php?tili=servus_fi\"><\/script><br \/>\n    <!-- END Snoobi v1.4 --><\/p>","protected":false},"excerpt":{"rendered":"<p>S\u00e4hk\u00f6iset lomakkeet Suunnittele omat lomakkeet S\u00e4hk\u00f6iset lomakkeet Servus lomakkeilla luot yrityksellesi monipuolisia s\u00e4hk\u00f6isi\u00e4 lomakkeita, kuten tapahtumailmoituksia ja jatkok\u00e4sittelylomakkeita. Lomakkeiden avulla tapahtumat, tilanteet ja t\u00e4rke\u00e4t havainnot voidaan helposti kirjata s\u00e4hk\u00f6iseen muotoon ja tilastoida koko organisaation laajuisesti. Lomakkeet voidaan m\u00e4\u00e4ritt\u00e4\u00e4 olemaan kaikkien, tai vain niihin oikeutettujen k\u00e4yt\u00f6ss\u00e4. Ilmoitukset ohjautuvat s\u00e4hk\u00f6postitse valituille vastuuhenkil\u00f6ille. Tilastointi Tilastot kertovat kohteittain kattavasti&hellip;&nbsp;<a href=\"https:\/\/www.servus.fi\/en\/lomakkeet\/\" rel=\"bookmark\">Read More &raquo;<span class=\"screen-reader-text\">Vapaasti suunniteltavat lomakkeet<\/span><\/a><\/p>","protected":false},"author":2,"featured_media":0,"parent":0,"menu_order":0,"comment_status":"closed","ping_status":"closed","template":"","meta":{"neve_meta_sidebar":"","neve_meta_container":"","neve_meta_enable_content_width":"","neve_meta_content_width":0,"neve_meta_title_alignment":"","neve_meta_author_avatar":"","neve_post_elements_order":"","neve_meta_disable_header":"","neve_meta_disable_footer":"","neve_meta_disable_title":"on","footnotes":""},"class_list":["post-675","page","type-page","status-publish","hentry"],"yoast_head":"<!-- This site is optimized with the Yoast SEO plugin v27.5 - https:\/\/yoast.com\/product\/yoast-seo-wordpress\/ -->\n<title>Vapaasti suunniteltavat lomakkeet - Servus-Ohjelmistoratkaisut<\/title>\n<meta name=\"description\" content=\"Servuksen lomakeohjelman avulla suunnittelet organisaation k\u00e4ytt\u00f6\u00f6n lomakepohjat, kuten tapahtumailmoitukset ja turvallisuuspoikkeamat.\" \/>\n<meta name=\"robots\" content=\"index, follow, max-snippet:-1, max-image-preview:large, max-video-preview:-1\" \/>\n<link rel=\"canonical\" href=\"https:\/\/www.servus.fi\/en\/lomakkeet\/\" \/>\n<meta property=\"og:locale\" content=\"en_GB\" \/>\n<meta property=\"og:type\" content=\"article\" \/>\n<meta property=\"og:title\" content=\"Vapaasti suunniteltavat lomakkeet - Servus-Ohjelmistoratkaisut\" \/>\n<meta property=\"og:description\" content=\"Servuksen lomakeohjelman avulla suunnittelet organisaation k\u00e4ytt\u00f6\u00f6n lomakepohjat, kuten tapahtumailmoitukset ja turvallisuuspoikkeamat.\" \/>\n<meta property=\"og:url\" content=\"https:\/\/www.servus.fi\/en\/lomakkeet\/\" \/>\n<meta property=\"og:site_name\" content=\"Servus-Ohjelmistoratkaisut\" \/>\n<meta property=\"article:modified_time\" content=\"2024-04-04T09:44:26+00:00\" \/>\n<meta property=\"og:image\" content=\"https:\/\/www.servus.fi\/wp-content\/uploads\/2021\/11\/Ilmoitukset1-1024x683.jpg\" \/>\n<meta name=\"twitter:card\" content=\"summary_large_image\" \/>\n<meta name=\"twitter:label1\" content=\"Estimated reading time\" \/>\n\t<meta name=\"twitter:data1\" content=\"1 minute\" \/>\n<script type=\"application\/ld+json\" class=\"yoast-schema-graph\">{\"@context\":\"https:\\\/\\\/schema.org\",\"@graph\":[{\"@type\":\"WebPage\",\"@id\":\"https:\\\/\\\/www.servus.fi\\\/lomakkeet\\\/\",\"url\":\"https:\\\/\\\/www.servus.fi\\\/lomakkeet\\\/\",\"name\":\"Vapaasti suunniteltavat lomakkeet - Servus-Ohjelmistoratkaisut\",\"isPartOf\":{\"@id\":\"https:\\\/\\\/www.servus.fi\\\/#website\"},\"primaryImageOfPage\":{\"@id\":\"https:\\\/\\\/www.servus.fi\\\/lomakkeet\\\/#primaryimage\"},\"image\":{\"@id\":\"https:\\\/\\\/www.servus.fi\\\/lomakkeet\\\/#primaryimage\"},\"thumbnailUrl\":\"https:\\\/\\\/www.servus.fi\\\/wp-content\\\/uploads\\\/2021\\\/11\\\/Ilmoitukset1-1024x683.jpg\",\"datePublished\":\"2021-08-26T10:35:45+00:00\",\"dateModified\":\"2024-04-04T09:44:26+00:00\",\"description\":\"Servuksen lomakeohjelman avulla suunnittelet organisaation k\u00e4ytt\u00f6\u00f6n lomakepohjat, kuten tapahtumailmoitukset ja turvallisuuspoikkeamat.\",\"breadcrumb\":{\"@id\":\"https:\\\/\\\/www.servus.fi\\\/lomakkeet\\\/#breadcrumb\"},\"inLanguage\":\"en-GB\",\"potentialAction\":[{\"@type\":\"ReadAction\",\"target\":[\"https:\\\/\\\/www.servus.fi\\\/lomakkeet\\\/\"]}]},{\"@type\":\"ImageObject\",\"inLanguage\":\"en-GB\",\"@id\":\"https:\\\/\\\/www.servus.fi\\\/lomakkeet\\\/#primaryimage\",\"url\":\"https:\\\/\\\/www.servus.fi\\\/wp-content\\\/uploads\\\/2021\\\/11\\\/Ilmoitukset1-1024x683.jpg\",\"contentUrl\":\"https:\\\/\\\/www.servus.fi\\\/wp-content\\\/uploads\\\/2021\\\/11\\\/Ilmoitukset1-1024x683.jpg\"},{\"@type\":\"BreadcrumbList\",\"@id\":\"https:\\\/\\\/www.servus.fi\\\/lomakkeet\\\/#breadcrumb\",\"itemListElement\":[{\"@type\":\"ListItem\",\"position\":1,\"name\":\"Etusivu\",\"item\":\"https:\\\/\\\/www.servus.fi\\\/\"},{\"@type\":\"ListItem\",\"position\":2,\"name\":\"Vapaasti suunniteltavat lomakkeet\"}]},{\"@type\":\"WebSite\",\"@id\":\"https:\\\/\\\/www.servus.fi\\\/#website\",\"url\":\"https:\\\/\\\/www.servus.fi\\\/\",\"name\":\"Servus-Ohjelmistoratkaisut\",\"description\":\"Yritysturvallisuuden ohjelmistot\",\"publisher\":{\"@id\":\"https:\\\/\\\/www.servus.fi\\\/#organization\"},\"potentialAction\":[{\"@type\":\"SearchAction\",\"target\":{\"@type\":\"EntryPoint\",\"urlTemplate\":\"https:\\\/\\\/www.servus.fi\\\/?s={search_term_string}\"},\"query-input\":{\"@type\":\"PropertyValueSpecification\",\"valueRequired\":true,\"valueName\":\"search_term_string\"}}],\"inLanguage\":\"en-GB\"},{\"@type\":\"Organization\",\"@id\":\"https:\\\/\\\/www.servus.fi\\\/#organization\",\"name\":\"Servus-Ohjelmistoratkaisut\",\"url\":\"https:\\\/\\\/www.servus.fi\\\/\",\"logo\":{\"@type\":\"ImageObject\",\"inLanguage\":\"en-GB\",\"@id\":\"https:\\\/\\\/www.servus.fi\\\/#\\\/schema\\\/logo\\\/image\\\/\",\"url\":\"https:\\\/\\\/www.servus.fi\\\/wp-content\\\/uploads\\\/2020\\\/03\\\/cropped-LOGO-WHITE-BG-4.png\",\"contentUrl\":\"https:\\\/\\\/www.servus.fi\\\/wp-content\\\/uploads\\\/2020\\\/03\\\/cropped-LOGO-WHITE-BG-4.png\",\"width\":518,\"height\":267,\"caption\":\"Servus-Ohjelmistoratkaisut\"},\"image\":{\"@id\":\"https:\\\/\\\/www.servus.fi\\\/#\\\/schema\\\/logo\\\/image\\\/\"}}]}<\/script>\n<!-- \/ Yoast SEO plugin. -->","yoast_head_json":{"title":"Vapaasti suunniteltavat lomakkeet - Servus-Ohjelmistoratkaisut","description":"Servuksen lomakeohjelman avulla suunnittelet organisaation k\u00e4ytt\u00f6\u00f6n lomakepohjat, kuten tapahtumailmoitukset ja turvallisuuspoikkeamat.","robots":{"index":"index","follow":"follow","max-snippet":"max-snippet:-1","max-image-preview":"max-image-preview:large","max-video-preview":"max-video-preview:-1"},"canonical":"https:\/\/www.servus.fi\/en\/lomakkeet\/","og_locale":"en_GB","og_type":"article","og_title":"Vapaasti suunniteltavat lomakkeet - Servus-Ohjelmistoratkaisut","og_description":"Servuksen lomakeohjelman avulla suunnittelet organisaation k\u00e4ytt\u00f6\u00f6n lomakepohjat, kuten tapahtumailmoitukset ja turvallisuuspoikkeamat.","og_url":"https:\/\/www.servus.fi\/en\/lomakkeet\/","og_site_name":"Servus-Ohjelmistoratkaisut","article_modified_time":"2024-04-04T09:44:26+00:00","og_image":[{"url":"https:\/\/www.servus.fi\/wp-content\/uploads\/2021\/11\/Ilmoitukset1-1024x683.jpg","type":"","width":"","height":""}],"twitter_card":"summary_large_image","twitter_misc":{"Estimated reading time":"1 minute"},"schema":{"@context":"https:\/\/schema.org","@graph":[{"@type":"WebPage","@id":"https:\/\/www.servus.fi\/lomakkeet\/","url":"https:\/\/www.servus.fi\/lomakkeet\/","name":"Vapaasti suunniteltavat lomakkeet - Servus-Ohjelmistoratkaisut","isPartOf":{"@id":"https:\/\/www.servus.fi\/#website"},"primaryImageOfPage":{"@id":"https:\/\/www.servus.fi\/lomakkeet\/#primaryimage"},"image":{"@id":"https:\/\/www.servus.fi\/lomakkeet\/#primaryimage"},"thumbnailUrl":"https:\/\/www.servus.fi\/wp-content\/uploads\/2021\/11\/Ilmoitukset1-1024x683.jpg","datePublished":"2021-08-26T10:35:45+00:00","dateModified":"2024-04-04T09:44:26+00:00","description":"Servuksen lomakeohjelman avulla suunnittelet organisaation k\u00e4ytt\u00f6\u00f6n lomakepohjat, kuten tapahtumailmoitukset ja turvallisuuspoikkeamat.","breadcrumb":{"@id":"https:\/\/www.servus.fi\/lomakkeet\/#breadcrumb"},"inLanguage":"en-GB","potentialAction":[{"@type":"ReadAction","target":["https:\/\/www.servus.fi\/lomakkeet\/"]}]},{"@type":"ImageObject","inLanguage":"en-GB","@id":"https:\/\/www.servus.fi\/lomakkeet\/#primaryimage","url":"https:\/\/www.servus.fi\/wp-content\/uploads\/2021\/11\/Ilmoitukset1-1024x683.jpg","contentUrl":"https:\/\/www.servus.fi\/wp-content\/uploads\/2021\/11\/Ilmoitukset1-1024x683.jpg"},{"@type":"BreadcrumbList","@id":"https:\/\/www.servus.fi\/lomakkeet\/#breadcrumb","itemListElement":[{"@type":"ListItem","position":1,"name":"Etusivu","item":"https:\/\/www.servus.fi\/"},{"@type":"ListItem","position":2,"name":"Vapaasti suunniteltavat lomakkeet"}]},{"@type":"WebSite","@id":"https:\/\/www.servus.fi\/#website","url":"https:\/\/www.servus.fi\/","name":"Servus-Software solutions","description":"Software for companies security","publisher":{"@id":"https:\/\/www.servus.fi\/#organization"},"potentialAction":[{"@type":"SearchAction","target":{"@type":"EntryPoint","urlTemplate":"https:\/\/www.servus.fi\/?s={search_term_string}"},"query-input":{"@type":"PropertyValueSpecification","valueRequired":true,"valueName":"search_term_string"}}],"inLanguage":"en-GB"},{"@type":"Organization","@id":"https:\/\/www.servus.fi\/#organization","name":"Servus-Software solutions","url":"https:\/\/www.servus.fi\/","logo":{"@type":"ImageObject","inLanguage":"en-GB","@id":"https:\/\/www.servus.fi\/#\/schema\/logo\/image\/","url":"https:\/\/www.servus.fi\/wp-content\/uploads\/2020\/03\/cropped-LOGO-WHITE-BG-4.png","contentUrl":"https:\/\/www.servus.fi\/wp-content\/uploads\/2020\/03\/cropped-LOGO-WHITE-BG-4.png","width":518,"height":267,"caption":"Servus-Ohjelmistoratkaisut"},"image":{"@id":"https:\/\/www.servus.fi\/#\/schema\/logo\/image\/"}}]}},"_links":{"self":[{"href":"https:\/\/www.servus.fi\/en\/wp-json\/wp\/v2\/pages\/675","targetHints":{"allow":["GET"]}}],"collection":[{"href":"https:\/\/www.servus.fi\/en\/wp-json\/wp\/v2\/pages"}],"about":[{"href":"https:\/\/www.servus.fi\/en\/wp-json\/wp\/v2\/types\/page"}],"author":[{"embeddable":true,"href":"https:\/\/www.servus.fi\/en\/wp-json\/wp\/v2\/users\/2"}],"replies":[{"embeddable":true,"href":"https:\/\/www.servus.fi\/en\/wp-json\/wp\/v2\/comments?post=675"}],"version-history":[{"count":12,"href":"https:\/\/www.servus.fi\/en\/wp-json\/wp\/v2\/pages\/675\/revisions"}],"predecessor-version":[{"id":2789,"href":"https:\/\/www.servus.fi\/en\/wp-json\/wp\/v2\/pages\/675\/revisions\/2789"}],"wp:attachment":[{"href":"https:\/\/www.servus.fi\/en\/wp-json\/wp\/v2\/media?parent=675"}],"curies":[{"name":"wp","href":"https:\/\/api.w.org\/{rel}","templated":true}]}}